{"id":647,"date":"2021-08-25T12:24:15","date_gmt":"2021-08-25T12:24:15","guid":{"rendered":"https:\/\/svitrigailosklinika.lt\/index.php\/contact\/"},"modified":"2024-10-17T09:18:11","modified_gmt":"2024-10-17T09:18:11","slug":"kontaktai","status":"publish","type":"page","link":"https:\/\/svitrigailosklinika.lt\/index.php\/kontaktai\/","title":{"rendered":"Kontaktai"},"content":{"rendered":"\t\t<div data-elementor-type=\"wp-page\" data-elementor-id=\"647\" class=\"elementor elementor-647\">\n\t\t\t\t<div class=\"elementor-element elementor-element-e26f629 e-flex e-con-boxed e-con e-parent\" data-id=\"e26f629\" data-element_type=\"container\" data-settings=\"{&quot;background_background&quot;:&quot;classic&quot;}\">\n\t\t\t\t\t<div class=\"e-con-inner\">\n\t\t<div class=\"elementor-element elementor-element-706881a e-con-full e-flex e-con e-child\" data-id=\"706881a\" data-element_type=\"container\">\n\t\t\t\t<div class=\"elementor-element elementor-element-7699ce8 elementor-widget elementor-widget-heading\" data-id=\"7699ce8\" data-element_type=\"widget\" data-widget_type=\"heading.default\">\n\t\t\t\t<div class=\"elementor-widget-container\">\n\t\t\t\t\t<h1 class=\"elementor-heading-title elementor-size-default\">KONTAKTAI<\/h1>\t\t\t\t<\/div>\n\t\t\t\t<\/div>\n\t\t\t\t<\/div>\n\t\t\t\t\t<\/div>\n\t\t\t\t<\/div>\n\t\t<div class=\"elementor-element elementor-element-26bdd677 e-flex e-con-boxed e-con e-parent\" data-id=\"26bdd677\" data-element_type=\"container\" data-settings=\"{&quot;background_background&quot;:&quot;gradient&quot;}\">\n\t\t\t\t\t<div class=\"e-con-inner\">\n\t\t<div class=\"elementor-element elementor-element-63ff5ba2 e-con-full e-flex e-con e-child\" data-id=\"63ff5ba2\" data-element_type=\"container\">\n\t\t\t\t<div class=\"elementor-element elementor-element-f2a6e84 elementor-widget__width-initial elementor-widget elementor-widget-heading\" data-id=\"f2a6e84\" data-element_type=\"widget\" data-widget_type=\"heading.default\">\n\t\t\t\t<div class=\"elementor-widget-container\">\n\t\t\t\t\t<h3 class=\"elementor-heading-title elementor-size-default\">\u0160vitrigailos odontologijos klinika \u012fsik\u016brusi Vilniuje, Naujamiestyje. Klinikoje dirba BUDINTIS ODONTOLOGAS VIS\u0104 PAR\u0104<\/h3>\t\t\t\t<\/div>\n\t\t\t\t<\/div>\n\t\t\t\t<div class=\"elementor-element elementor-element-7cbe318 elementor-widget-divider--view-line elementor-widget elementor-widget-divider\" data-id=\"7cbe318\" data-element_type=\"widget\" data-widget_type=\"divider.default\">\n\t\t\t\t<div class=\"elementor-widget-container\">\n\t\t\t\t\t\t\t<div class=\"elementor-divider\">\n\t\t\t<span class=\"elementor-divider-separator\">\n\t\t\t\t\t\t<\/span>\n\t\t<\/div>\n\t\t\t\t\t\t<\/div>\n\t\t\t\t<\/div>\n\t\t\t\t<div class=\"elementor-element elementor-element-3fc06969 elementor-position-left elementor-widget__width-initial elementor-widget-mobile__width-initial elementor-view-default elementor-mobile-position-top elementor-vertical-align-top elementor-widget elementor-widget-icon-box\" data-id=\"3fc06969\" data-element_type=\"widget\" data-widget_type=\"icon-box.default\">\n\t\t\t\t<div class=\"elementor-widget-container\">\n\t\t\t\t\t\t\t<div class=\"elementor-icon-box-wrapper\">\n\n\t\t\t\t\t\t<div class=\"elementor-icon-box-icon\">\n\t\t\t\t<span  class=\"elementor-icon\">\n\t\t\t\t<svg aria-hidden=\"true\" class=\"e-font-icon-svg e-fas-map-marker-alt\" viewBox=\"0 0 384 512\" xmlns=\"http:\/\/www.w3.org\/2000\/svg\"><path d=\"M172.268 501.67C26.97 291.031 0 269.413 0 192 0 85.961 85.961 0 192 0s192 85.961 192 192c0 77.413-26.97 99.031-172.268 309.67-9.535 13.774-29.93 13.773-39.464 0zM192 272c44.183 0 80-35.817 80-80s-35.817-80-80-80-80 35.817-80 80 35.817 80 80 80z\"><\/path><\/svg>\t\t\t\t<\/span>\n\t\t\t<\/div>\n\t\t\t\n\t\t\t\t\t\t<div class=\"elementor-icon-box-content\">\n\n\t\t\t\t\t\t\t\t\t<h4 class=\"elementor-icon-box-title\">\n\t\t\t\t\t\t<span  >\n\t\t\t\t\t\t\tAdresas\t\t\t\t\t\t<\/span>\n\t\t\t\t\t<\/h4>\n\t\t\t\t\n\t\t\t\t\t\t\t\t\t<p class=\"elementor-icon-box-description\">\n\t\t\t\t\t\t\u0160vitrigailos g. 7-221, Vilnius<br>2 \u012f\u0117jimas (2 auk\u0161tas)\t\t\t\t\t<\/p>\n\t\t\t\t\n\t\t\t<\/div>\n\t\t\t\n\t\t<\/div>\n\t\t\t\t\t\t<\/div>\n\t\t\t\t<\/div>\n\t\t\t\t<div class=\"elementor-element elementor-element-1a1ab533 elementor-widget-divider--view-line elementor-widget elementor-widget-divider\" data-id=\"1a1ab533\" data-element_type=\"widget\" data-widget_type=\"divider.default\">\n\t\t\t\t<div class=\"elementor-widget-container\">\n\t\t\t\t\t\t\t<div class=\"elementor-divider\">\n\t\t\t<span class=\"elementor-divider-separator\">\n\t\t\t\t\t\t<\/span>\n\t\t<\/div>\n\t\t\t\t\t\t<\/div>\n\t\t\t\t<\/div>\n\t\t\t\t<div class=\"elementor-element elementor-element-b62385f elementor-position-left elementor-widget__width-initial elementor-widget-mobile__width-initial elementor-view-default elementor-mobile-position-top elementor-vertical-align-top elementor-widget elementor-widget-icon-box\" data-id=\"b62385f\" data-element_type=\"widget\" data-widget_type=\"icon-box.default\">\n\t\t\t\t<div class=\"elementor-widget-container\">\n\t\t\t\t\t\t\t<div class=\"elementor-icon-box-wrapper\">\n\n\t\t\t\t\t\t<div class=\"elementor-icon-box-icon\">\n\t\t\t\t<span  class=\"elementor-icon\">\n\t\t\t\t<svg aria-hidden=\"true\" class=\"e-font-icon-svg e-fas-phone-alt\" viewBox=\"0 0 512 512\" xmlns=\"http:\/\/www.w3.org\/2000\/svg\"><path d=\"M497.39 361.8l-112-48a24 24 0 0 0-28 6.9l-49.6 60.6A370.66 370.66 0 0 1 130.6 204.11l60.6-49.6a23.94 23.94 0 0 0 6.9-28l-48-112A24.16 24.16 0 0 0 122.6.61l-104 24A24 24 0 0 0 0 48c0 256.5 207.9 464 464 464a24 24 0 0 0 23.4-18.6l24-104a24.29 24.29 0 0 0-14.01-27.6z\"><\/path><\/svg>\t\t\t\t<\/span>\n\t\t\t<\/div>\n\t\t\t\n\t\t\t\t\t\t<div class=\"elementor-icon-box-content\">\n\n\t\t\t\t\t\t\t\t\t<h4 class=\"elementor-icon-box-title\">\n\t\t\t\t\t\t<span  >\n\t\t\t\t\t\t\tTEL.NR.\t\t\t\t\t\t<\/span>\n\t\t\t\t\t<\/h4>\n\t\t\t\t\n\t\t\t\t\t\t\t\t\t<p class=\"elementor-icon-box-description\">\n\t\t\t\t\t\t+370 60778967\t\t\t\t\t<\/p>\n\t\t\t\t\n\t\t\t<\/div>\n\t\t\t\n\t\t<\/div>\n\t\t\t\t\t\t<\/div>\n\t\t\t\t<\/div>\n\t\t\t\t<div class=\"elementor-element elementor-element-e72dda2 elementor-widget-divider--view-line elementor-widget elementor-widget-divider\" data-id=\"e72dda2\" data-element_type=\"widget\" data-widget_type=\"divider.default\">\n\t\t\t\t<div class=\"elementor-widget-container\">\n\t\t\t\t\t\t\t<div class=\"elementor-divider\">\n\t\t\t<span class=\"elementor-divider-separator\">\n\t\t\t\t\t\t<\/span>\n\t\t<\/div>\n\t\t\t\t\t\t<\/div>\n\t\t\t\t<\/div>\n\t\t<div class=\"elementor-element elementor-element-3d140881 e-con-full e-flex e-con e-child\" data-id=\"3d140881\" data-element_type=\"container\">\n\t\t\t\t<div class=\"elementor-element elementor-element-2f913d8f elementor-position-left elementor-widget__width-initial elementor-widget-tablet__width-inherit elementor-view-default elementor-mobile-position-top elementor-vertical-align-top elementor-widget elementor-widget-icon-box\" data-id=\"2f913d8f\" data-element_type=\"widget\" data-widget_type=\"icon-box.default\">\n\t\t\t\t<div class=\"elementor-widget-container\">\n\t\t\t\t\t\t\t<div class=\"elementor-icon-box-wrapper\">\n\n\t\t\t\t\t\t<div class=\"elementor-icon-box-icon\">\n\t\t\t\t<span  class=\"elementor-icon\">\n\t\t\t\t<svg aria-hidden=\"true\" class=\"e-font-icon-svg e-fas-clock\" viewBox=\"0 0 512 512\" xmlns=\"http:\/\/www.w3.org\/2000\/svg\"><path d=\"M256,8C119,8,8,119,8,256S119,504,256,504,504,393,504,256,393,8,256,8Zm92.49,313h0l-20,25a16,16,0,0,1-22.49,2.5h0l-67-49.72a40,40,0,0,1-15-31.23V112a16,16,0,0,1,16-16h32a16,16,0,0,1,16,16V256l58,42.5A16,16,0,0,1,348.49,321Z\"><\/path><\/svg>\t\t\t\t<\/span>\n\t\t\t<\/div>\n\t\t\t\n\t\t\t\t\t\t<div class=\"elementor-icon-box-content\">\n\n\t\t\t\t\t\t\t\t\t<h6 class=\"elementor-icon-box-title\">\n\t\t\t\t\t\t<span  >\n\t\t\t\t\t\t\tDarbo laikas\t\t\t\t\t\t<\/span>\n\t\t\t\t\t<\/h6>\n\t\t\t\t\n\t\t\t\t\t\t\t\t\t<p class=\"elementor-icon-box-description\">\n\t\t\t\t\t\tI-V\n8:00-20:00\n\t\t\t\t\t<\/p>\n\t\t\t\t\n\t\t\t<\/div>\n\t\t\t\n\t\t<\/div>\n\t\t\t\t\t\t<\/div>\n\t\t\t\t<\/div>\n\t\t\t\t<div class=\"elementor-element elementor-element-348ae01 elementor-widget elementor-widget-spacer\" data-id=\"348ae01\" data-element_type=\"widget\" data-widget_type=\"spacer.default\">\n\t\t\t\t<div class=\"elementor-widget-container\">\n\t\t\t\t\t\t\t<div class=\"elementor-spacer\">\n\t\t\t<div class=\"elementor-spacer-inner\"><\/div>\n\t\t<\/div>\n\t\t\t\t\t\t<\/div>\n\t\t\t\t<\/div>\n\t\t\t\t<div class=\"elementor-element elementor-element-6f37e2ba elementor-position-left elementor-widget__width-initial elementor-widget-tablet__width-inherit elementor-view-default elementor-mobile-position-top elementor-vertical-align-top elementor-widget elementor-widget-icon-box\" data-id=\"6f37e2ba\" data-element_type=\"widget\" data-widget_type=\"icon-box.default\">\n\t\t\t\t<div class=\"elementor-widget-container\">\n\t\t\t\t\t\t\t<div class=\"elementor-icon-box-wrapper\">\n\n\t\t\t\t\t\t<div class=\"elementor-icon-box-icon\">\n\t\t\t\t<span  class=\"elementor-icon\">\n\t\t\t\t<svg aria-hidden=\"true\" class=\"e-font-icon-svg e-fas-clock\" viewBox=\"0 0 512 512\" xmlns=\"http:\/\/www.w3.org\/2000\/svg\"><path d=\"M256,8C119,8,8,119,8,256S119,504,256,504,504,393,504,256,393,8,256,8Zm92.49,313h0l-20,25a16,16,0,0,1-22.49,2.5h0l-67-49.72a40,40,0,0,1-15-31.23V112a16,16,0,0,1,16-16h32a16,16,0,0,1,16,16V256l58,42.5A16,16,0,0,1,348.49,321Z\"><\/path><\/svg>\t\t\t\t<\/span>\n\t\t\t<\/div>\n\t\t\t\n\t\t\t\t\t\t<div class=\"elementor-icon-box-content\">\n\n\t\t\t\t\t\t\t\t\t<h6 class=\"elementor-icon-box-title\">\n\t\t\t\t\t\t<span  >\n\t\t\t\t\t\t\tBUDINTIS ODONTOLOGAS\t\t\t\t\t\t<\/span>\n\t\t\t\t\t<\/h6>\n\t\t\t\t\n\t\t\t\t\t\t\t\t\t<p class=\"elementor-icon-box-description\">\n\t\t\t\t\t\tI-V\n20:00-8:00 <p>VI-VII 00:00-24:00<\/p>B\u016aTINA I\u0160ANKSTIN\u0116 REGISTRACIJA\t\t\t\t\t<\/p>\n\t\t\t\t\n\t\t\t<\/div>\n\t\t\t\n\t\t<\/div>\n\t\t\t\t\t\t<\/div>\n\t\t\t\t<\/div>\n\t\t\t\t<\/div>\n\t\t\t\t<\/div>\n\t\t\t\t<div class=\"elementor-element elementor-element-42c80bca elementor-widget elementor-widget-google_maps\" data-id=\"42c80bca\" data-element_type=\"widget\" data-widget_type=\"google_maps.default\">\n\t\t\t\t<div class=\"elementor-widget-container\">\n\t\t\t\t\t\t\t<div class=\"elementor-custom-embed\">\n\t\t\t<iframe loading=\"lazy\"\n\t\t\t\t\tsrc=\"https:\/\/maps.google.com\/maps?q=%C5%A0vitrigailos%20g.%207%2C%20Vilnius&#038;t=m&#038;z=17&#038;output=embed&#038;iwloc=near\"\n\t\t\t\t\ttitle=\"\u0160vitrigailos g. 7, Vilnius\"\n\t\t\t\t\taria-label=\"\u0160vitrigailos g. 7, Vilnius\"\n\t\t\t><\/iframe>\n\t\t<\/div>\n\t\t\t\t\t\t<\/div>\n\t\t\t\t<\/div>\n\t\t\t\t\t<\/div>\n\t\t\t\t<\/div>\n\t\t\t\t<\/div>\n\t\t","protected":false},"excerpt":{"rendered":"<p>KONTAKTAI \u0160vitrigailos odontologijos klinika \u012fsik\u016brusi Vilniuje, Naujamiestyje. Klinikoje dirba BUDINTIS ODONTOLOGAS VIS\u0104 PAR\u0104 Adresas \u0160vitrigailos g. 7-221, Vilnius2 \u012f\u0117jimas (2 auk\u0161tas) TEL.NR. +370 60778967 Darbo laikas I-V 8:00-20:00 BUDINTIS ODONTOLOGAS I-V 20:00-8:00 VI-VII 00:00-24:00 B\u016aTINA I\u0160ANKSTIN\u0116 REGISTRACIJA<\/p>\n","protected":false},"author":1,"featured_media":0,"parent":0,"menu_order":0,"comment_status":"closed","ping_status":"closed","template":"","meta":{"site-sidebar-layout":"no-sidebar","site-content-layout":"page-builder","ast-site-content-layout":"default","site-content-style":"default","site-sidebar-style":"default","ast-global-header-display":"","ast-banner-title-visibility":"","ast-main-header-display":"","ast-hfb-above-header-display":"","ast-hfb-below-header-display":"","ast-hfb-mobile-header-display":"","site-post-title":"disabled","ast-breadcrumbs-content":"disabled","ast-featured-img":"disabled","footer-sml-layout":"","ast-disable-related-posts":"","theme-transparent-header-meta":"enabled","adv-header-id-meta":"","stick-header-meta":"","header-above-stick-meta":"","header-main-stick-meta":"","header-below-stick-meta":"","astra-migrate-meta-layouts":"default","ast-page-background-enabled":"default","ast-page-background-meta":{"desktop":{"background-color":"var(--ast-global-color-4)","background-image":"","background-repeat":"repeat","background-position":"center center","background-size":"auto","background-attachment":"scroll","background-type":"","background-media":"","overlay-type":"","overlay-color":"","overlay-opacity":"","overlay-gradient":""},"tablet":{"background-color":"","background-image":"","background-repeat":"repeat","background-position":"center center","background-size":"auto","background-attachment":"scroll","background-type":"","background-media":"","overlay-type":"","overlay-color":"","overlay-opacity":"","overlay-gradient":""},"mobile":{"background-color":"","background-image":"","background-repeat":"repeat","background-position":"center center","background-size":"auto","background-attachment":"scroll","background-type":"","background-media":"","overlay-type":"","overlay-color":"","overlay-opacity":"","overlay-gradient":""}},"ast-content-background-meta":{"desktop":{"background-color":"var(--ast-global-color-5)","background-image":"","background-repeat":"repeat","background-position":"center center","background-size":"auto","background-attachment":"scroll","background-type":"","background-media":"","overlay-type":"","overlay-color":"","overlay-opacity":"","overlay-gradient":""},"tablet":{"background-color":"var(--ast-global-color-5)","background-image":"","background-repeat":"repeat","background-position":"center center","background-size":"auto","background-attachment":"scroll","background-type":"","background-media":"","overlay-type":"","overlay-color":"","overlay-opacity":"","overlay-gradient":""},"mobile":{"background-color":"var(--ast-global-color-5)","background-image":"","background-repeat":"repeat","background-position":"center center","background-size":"auto","background-attachment":"scroll","background-type":"","background-media":"","overlay-type":"","overlay-color":"","overlay-opacity":"","overlay-gradient":""}},"footnotes":""},"yoast_head":"<!-- This site is optimized with the Yoast SEO plugin v23.5 - https:\/\/yoast.com\/wordpress\/plugins\/seo\/ -->\n<title>Kontaktai - svitrigailosklinika<\/title>\n<meta name=\"robots\" content=\"index, follow, max-snippet:-1, max-image-preview:large, max-video-preview:-1\" \/>\n<link rel=\"canonical\" href=\"https:\/\/svitrigailosklinika.lt\/index.php\/kontaktai\/\" \/>\n<meta property=\"og:locale\" content=\"en_US\" \/>\n<meta property=\"og:type\" content=\"article\" \/>\n<meta property=\"og:title\" content=\"Kontaktai - svitrigailosklinika\" \/>\n<meta property=\"og:description\" content=\"KONTAKTAI \u0160vitrigailos odontologijos klinika \u012fsik\u016brusi Vilniuje, Naujamiestyje. Klinikoje dirba BUDINTIS ODONTOLOGAS VIS\u0104 PAR\u0104 Adresas \u0160vitrigailos g. 7-221, Vilnius2 \u012f\u0117jimas (2 auk\u0161tas) TEL.NR. +370 60778967 Darbo laikas I-V 8:00-20:00 BUDINTIS ODONTOLOGAS I-V 20:00-8:00 VI-VII 00:00-24:00 B\u016aTINA I\u0160ANKSTIN\u0116 REGISTRACIJA\" \/>\n<meta property=\"og:url\" content=\"https:\/\/svitrigailosklinika.lt\/index.php\/kontaktai\/\" \/>\n<meta property=\"og:site_name\" content=\"svitrigailosklinika\" \/>\n<meta property=\"article:publisher\" content=\"https:\/\/www.facebook.com\/svitrigailosklinika\" \/>\n<meta property=\"article:modified_time\" content=\"2024-10-17T09:18:11+00:00\" \/>\n<meta name=\"twitter:card\" content=\"summary_large_image\" \/>\n<meta name=\"twitter:label1\" content=\"Est. reading time\" \/>\n\t<meta name=\"twitter:data1\" content=\"1 minute\" \/>\n<script type=\"application\/ld+json\" class=\"yoast-schema-graph\">{\"@context\":\"https:\/\/schema.org\",\"@graph\":[{\"@type\":\"WebPage\",\"@id\":\"https:\/\/svitrigailosklinika.lt\/index.php\/kontaktai\/\",\"url\":\"https:\/\/svitrigailosklinika.lt\/index.php\/kontaktai\/\",\"name\":\"Kontaktai - svitrigailosklinika\",\"isPartOf\":{\"@id\":\"https:\/\/svitrigailosklinika.lt\/#website\"},\"datePublished\":\"2021-08-25T12:24:15+00:00\",\"dateModified\":\"2024-10-17T09:18:11+00:00\",\"breadcrumb\":{\"@id\":\"https:\/\/svitrigailosklinika.lt\/index.php\/kontaktai\/#breadcrumb\"},\"inLanguage\":\"en-US\",\"potentialAction\":[{\"@type\":\"ReadAction\",\"target\":[\"https:\/\/svitrigailosklinika.lt\/index.php\/kontaktai\/\"]}]},{\"@type\":\"BreadcrumbList\",\"@id\":\"https:\/\/svitrigailosklinika.lt\/index.php\/kontaktai\/#breadcrumb\",\"itemListElement\":[{\"@type\":\"ListItem\",\"position\":1,\"name\":\"Home\",\"item\":\"https:\/\/svitrigailosklinika.lt\/\"},{\"@type\":\"ListItem\",\"position\":2,\"name\":\"Kontaktai\"}]},{\"@type\":\"WebSite\",\"@id\":\"https:\/\/svitrigailosklinika.lt\/#website\",\"url\":\"https:\/\/svitrigailosklinika.lt\/\",\"name\":\"svitrigailosklinika\",\"description\":\"Just another WordPress site\",\"publisher\":{\"@id\":\"https:\/\/svitrigailosklinika.lt\/#organization\"},\"potentialAction\":[{\"@type\":\"SearchAction\",\"target\":{\"@type\":\"EntryPoint\",\"urlTemplate\":\"https:\/\/svitrigailosklinika.lt\/?s={search_term_string}\"},\"query-input\":{\"@type\":\"PropertyValueSpecification\",\"valueRequired\":true,\"valueName\":\"search_term_string\"}}],\"inLanguage\":\"en-US\"},{\"@type\":\"Organization\",\"@id\":\"https:\/\/svitrigailosklinika.lt\/#organization\",\"name\":\"svitrigailosklinika\",\"url\":\"https:\/\/svitrigailosklinika.lt\/\",\"logo\":{\"@type\":\"ImageObject\",\"inLanguage\":\"en-US\",\"@id\":\"https:\/\/svitrigailosklinika.lt\/#\/schema\/logo\/image\/\",\"url\":\"https:\/\/svitrigailosklinika.lt\/wp-content\/uploads\/2023\/12\/logo2-baltas-befono.png\",\"contentUrl\":\"https:\/\/svitrigailosklinika.lt\/wp-content\/uploads\/2023\/12\/logo2-baltas-befono.png\",\"width\":1646,\"height\":500,\"caption\":\"svitrigailosklinika\"},\"image\":{\"@id\":\"https:\/\/svitrigailosklinika.lt\/#\/schema\/logo\/image\/\"},\"sameAs\":[\"https:\/\/www.facebook.com\/svitrigailosklinika\"]}]}<\/script>\n<!-- \/ Yoast SEO plugin. -->","yoast_head_json":{"title":"Kontaktai - svitrigailosklinika","robots":{"index":"index","follow":"follow","max-snippet":"max-snippet:-1","max-image-preview":"max-image-preview:large","max-video-preview":"max-video-preview:-1"},"canonical":"https:\/\/svitrigailosklinika.lt\/index.php\/kontaktai\/","og_locale":"en_US","og_type":"article","og_title":"Kontaktai - svitrigailosklinika","og_description":"KONTAKTAI \u0160vitrigailos odontologijos klinika \u012fsik\u016brusi Vilniuje, Naujamiestyje. Klinikoje dirba BUDINTIS ODONTOLOGAS VIS\u0104 PAR\u0104 Adresas \u0160vitrigailos g. 7-221, Vilnius2 \u012f\u0117jimas (2 auk\u0161tas) TEL.NR. +370 60778967 Darbo laikas I-V 8:00-20:00 BUDINTIS ODONTOLOGAS I-V 20:00-8:00 VI-VII 00:00-24:00 B\u016aTINA I\u0160ANKSTIN\u0116 REGISTRACIJA","og_url":"https:\/\/svitrigailosklinika.lt\/index.php\/kontaktai\/","og_site_name":"svitrigailosklinika","article_publisher":"https:\/\/www.facebook.com\/svitrigailosklinika","article_modified_time":"2024-10-17T09:18:11+00:00","twitter_card":"summary_large_image","twitter_misc":{"Est. reading time":"1 minute"},"schema":{"@context":"https:\/\/schema.org","@graph":[{"@type":"WebPage","@id":"https:\/\/svitrigailosklinika.lt\/index.php\/kontaktai\/","url":"https:\/\/svitrigailosklinika.lt\/index.php\/kontaktai\/","name":"Kontaktai - svitrigailosklinika","isPartOf":{"@id":"https:\/\/svitrigailosklinika.lt\/#website"},"datePublished":"2021-08-25T12:24:15+00:00","dateModified":"2024-10-17T09:18:11+00:00","breadcrumb":{"@id":"https:\/\/svitrigailosklinika.lt\/index.php\/kontaktai\/#breadcrumb"},"inLanguage":"en-US","potentialAction":[{"@type":"ReadAction","target":["https:\/\/svitrigailosklinika.lt\/index.php\/kontaktai\/"]}]},{"@type":"BreadcrumbList","@id":"https:\/\/svitrigailosklinika.lt\/index.php\/kontaktai\/#breadcrumb","itemListElement":[{"@type":"ListItem","position":1,"name":"Home","item":"https:\/\/svitrigailosklinika.lt\/"},{"@type":"ListItem","position":2,"name":"Kontaktai"}]},{"@type":"WebSite","@id":"https:\/\/svitrigailosklinika.lt\/#website","url":"https:\/\/svitrigailosklinika.lt\/","name":"svitrigailosklinika","description":"Just another WordPress site","publisher":{"@id":"https:\/\/svitrigailosklinika.lt\/#organization"},"potentialAction":[{"@type":"SearchAction","target":{"@type":"EntryPoint","urlTemplate":"https:\/\/svitrigailosklinika.lt\/?s={search_term_string}"},"query-input":{"@type":"PropertyValueSpecification","valueRequired":true,"valueName":"search_term_string"}}],"inLanguage":"en-US"},{"@type":"Organization","@id":"https:\/\/svitrigailosklinika.lt\/#organization","name":"svitrigailosklinika","url":"https:\/\/svitrigailosklinika.lt\/","logo":{"@type":"ImageObject","inLanguage":"en-US","@id":"https:\/\/svitrigailosklinika.lt\/#\/schema\/logo\/image\/","url":"https:\/\/svitrigailosklinika.lt\/wp-content\/uploads\/2023\/12\/logo2-baltas-befono.png","contentUrl":"https:\/\/svitrigailosklinika.lt\/wp-content\/uploads\/2023\/12\/logo2-baltas-befono.png","width":1646,"height":500,"caption":"svitrigailosklinika"},"image":{"@id":"https:\/\/svitrigailosklinika.lt\/#\/schema\/logo\/image\/"},"sameAs":["https:\/\/www.facebook.com\/svitrigailosklinika"]}]}},"_links":{"self":[{"href":"https:\/\/svitrigailosklinika.lt\/index.php\/wp-json\/wp\/v2\/pages\/647"}],"collection":[{"href":"https:\/\/svitrigailosklinika.lt\/index.php\/wp-json\/wp\/v2\/pages"}],"about":[{"href":"https:\/\/svitrigailosklinika.lt\/index.php\/wp-json\/wp\/v2\/types\/page"}],"author":[{"embeddable":true,"href":"https:\/\/svitrigailosklinika.lt\/index.php\/wp-json\/wp\/v2\/users\/1"}],"replies":[{"embeddable":true,"href":"https:\/\/svitrigailosklinika.lt\/index.php\/wp-json\/wp\/v2\/comments?post=647"}],"version-history":[{"count":10,"href":"https:\/\/svitrigailosklinika.lt\/index.php\/wp-json\/wp\/v2\/pages\/647\/revisions"}],"predecessor-version":[{"id":1900,"href":"https:\/\/svitrigailosklinika.lt\/index.php\/wp-json\/wp\/v2\/pages\/647\/revisions\/1900"}],"wp:attachment":[{"href":"https:\/\/svitrigailosklinika.lt\/index.php\/wp-json\/wp\/v2\/media?parent=647"}],"curies":[{"name":"wp","href":"https:\/\/api.w.org\/{rel}","templated":true}]}}