{"id":1874,"date":"2024-10-16T15:26:48","date_gmt":"2024-10-16T15:26:48","guid":{"rendered":"https:\/\/svitrigailosklinika.lt\/?page_id=1874"},"modified":"2024-10-17T09:12:17","modified_gmt":"2024-10-17T09:12:17","slug":"skubi_odontologo_pagalba","status":"publish","type":"page","link":"https:\/\/svitrigailosklinika.lt\/index.php\/skubi_odontologo_pagalba\/","title":{"rendered":"Skubi pagalba"},"content":{"rendered":"\t\t<div data-elementor-type=\"wp-page\" data-elementor-id=\"1874\" class=\"elementor elementor-1874\">\n\t\t\t\t<div class=\"elementor-element elementor-element-e26f629 e-flex e-con-boxed e-con e-parent\" data-id=\"e26f629\" data-element_type=\"container\" data-settings=\"{&quot;background_background&quot;:&quot;classic&quot;}\">\n\t\t\t\t\t<div class=\"e-con-inner\">\n\t\t<div class=\"elementor-element elementor-element-706881a e-con-full e-flex e-con e-child\" data-id=\"706881a\" data-element_type=\"container\">\n\t\t\t\t<div class=\"elementor-element elementor-element-7699ce8 elementor-widget elementor-widget-heading\" data-id=\"7699ce8\" data-element_type=\"widget\" data-widget_type=\"heading.default\">\n\t\t\t\t<div class=\"elementor-widget-container\">\n\t\t\t\t\t<h2 class=\"elementor-heading-title elementor-size-default\">SKUBI ODONTOLOGIN\u0116 PAGALBA<\/h2>\t\t\t\t<\/div>\n\t\t\t\t<\/div>\n\t\t\t\t<\/div>\n\t\t\t\t\t<\/div>\n\t\t\t\t<\/div>\n\t\t<div class=\"elementor-element elementor-element-7fe1112 e-flex e-con-boxed e-con e-parent\" data-id=\"7fe1112\" data-element_type=\"container\" data-settings=\"{&quot;background_background&quot;:&quot;classic&quot;}\">\n\t\t\t\t\t<div class=\"e-con-inner\">\n\t\t\t\t<div class=\"elementor-element elementor-element-914b957 elementor-widget elementor-widget-spacer\" data-id=\"914b957\" data-element_type=\"widget\" data-widget_type=\"spacer.default\">\n\t\t\t\t<div class=\"elementor-widget-container\">\n\t\t\t\t\t\t\t<div class=\"elementor-spacer\">\n\t\t\t<div class=\"elementor-spacer-inner\"><\/div>\n\t\t<\/div>\n\t\t\t\t\t\t<\/div>\n\t\t\t\t<\/div>\n\t\t\t\t<div class=\"elementor-element elementor-element-0f36ed7 elementor-widget elementor-widget-button\" data-id=\"0f36ed7\" data-element_type=\"widget\" data-widget_type=\"button.default\">\n\t\t\t\t<div class=\"elementor-widget-container\">\n\t\t\t\t\t\t\t\t\t<div class=\"elementor-button-wrapper\">\n\t\t\t\t\t<a class=\"elementor-button elementor-button-link elementor-size-sm\" href=\"https:\/\/svitrigailosklinika.lt\/index.php\/paslaugos\/\">\n\t\t\t\t\t\t<span class=\"elementor-button-content-wrapper\">\n\t\t\t\t\t\t<span class=\"elementor-button-icon\">\n\t\t\t\t<svg aria-hidden=\"true\" class=\"e-font-icon-svg e-fas-arrow-left\" viewBox=\"0 0 448 512\" xmlns=\"http:\/\/www.w3.org\/2000\/svg\"><path d=\"M257.5 445.1l-22.2 22.2c-9.4 9.4-24.6 9.4-33.9 0L7 273c-9.4-9.4-9.4-24.6 0-33.9L201.4 44.7c9.4-9.4 24.6-9.4 33.9 0l22.2 22.2c9.5 9.5 9.3 25-.4 34.3L136.6 216H424c13.3 0 24 10.7 24 24v32c0 13.3-10.7 24-24 24H136.6l120.5 114.8c9.8 9.3 10 24.8.4 34.3z\"><\/path><\/svg>\t\t\t<\/span>\n\t\t\t\t\t\t\t\t\t<span class=\"elementor-button-text\">Gr\u012f\u017eti<\/span>\n\t\t\t\t\t<\/span>\n\t\t\t\t\t<\/a>\n\t\t\t\t<\/div>\n\t\t\t\t\t\t\t\t<\/div>\n\t\t\t\t<\/div>\n\t\t\t\t<div class=\"elementor-element elementor-element-5bcafec elementor-widget elementor-widget-heading\" data-id=\"5bcafec\" data-element_type=\"widget\" data-widget_type=\"heading.default\">\n\t\t\t\t<div class=\"elementor-widget-container\">\n\t\t\t\t\t<h2 class=\"elementor-heading-title elementor-size-default\">Skubi odontologo pagalba \u0161iandien!<\/h2>\t\t\t\t<\/div>\n\t\t\t\t<\/div>\n\t\t\t\t\t<\/div>\n\t\t\t\t<\/div>\n\t\t<div class=\"elementor-element elementor-element-1dced8f6 e-grid e-con-boxed e-con e-parent\" data-id=\"1dced8f6\" data-element_type=\"container\" data-settings=\"{&quot;background_background&quot;:&quot;gradient&quot;}\">\n\t\t\t\t\t<div class=\"e-con-inner\">\n\t\t\t\t<div class=\"elementor-element elementor-element-0b6bbfe elementor-widget elementor-widget-text-editor\" data-id=\"0b6bbfe\" data-element_type=\"widget\" data-widget_type=\"text-editor.default\">\n\t\t\t\t<div class=\"elementor-widget-container\">\n\t\t\t\t\t\t\t\t\t<h4>\u00a0<\/h4><p><strong>Skubi odontologin\u0117 pagalba<\/strong> \u2013 tai greita ir profesionali pagalba pacientams, kuriems reikalingas neatid\u0117liotinas dant\u0173, danten\u0173 ar burnos ertm\u0117s sutrikim\u0173 sprendimas. Paslauga teikiama <strong>t\u0105 pa\u010di\u0105 dien\u0105<\/strong>, siekiant kuo grei\u010diau pa\u0161alinti skausm\u0105, suma\u017einti diskomfort\u0105 ir i\u0161vengti komplikacij\u0173.<\/p><p><strong>Kada reikalinga skubi odontologin\u0117 pagalba?<\/strong><\/p><ul><li>Intensyvus dant\u0173 skausmas, nereaguojantis \u012f vaistus;<\/li><li>Dant\u0173 traumos, l\u016b\u017eiai, nuskilimai ar danties netekimas;<\/li><li>Kraujuojan\u010dios dantenos ar p\u016blingi u\u017edegimai;<\/li><li>\u017dandikaulio patinimas arba skausmingas p\u016blinys;<\/li><li>Pa\u017eengusios burnos infekcijos, galin\u010dios pakenkti bendrai sveikatai.<\/li><\/ul><p><strong>Teikiamos paslaugos apima:<\/strong><\/p><ul><li>Skubus danties plombavimas ar i\u0161traukimas;<\/li><li>Dant\u0173 traum\u0173 gydymas;<\/li><li>U\u017edegim\u0173 ir infekcij\u0173 \u0161alinimas;<\/li><li>Skausmo mal\u0161inimas ir laikinas problem\u0173 sprendimas;<\/li><li>P\u016blini\u0173 ir \u017eaizd\u0173 gydymas;<\/li><li>Siuntimo i\u0161ra\u0161ymas pas specialistus;<\/li><li>Vaist\u0173 paskyrimas.<\/li><\/ul><p>M\u016bs\u0173 klinikoje garantuojame greit\u0105 ir kokybi\u0161k\u0105 problem\u0173 sprendim\u0105 <strong>t\u0105 pa\u010di\u0105 dien\u0105<\/strong>. M\u016bs\u0173 profesionali odontolog\u0173 komanda pasiruo\u0161usi pasir\u016bpinti j\u016bs\u0173 sveikata ir ramybe.<\/p>\t\t\t\t\t\t\t\t<\/div>\n\t\t\t\t<\/div>\n\t\t\t\t<div class=\"elementor-element elementor-element-4b7501b elementor-widget-divider--view-line elementor-widget elementor-widget-divider\" data-id=\"4b7501b\" data-element_type=\"widget\" data-widget_type=\"divider.default\">\n\t\t\t\t<div class=\"elementor-widget-container\">\n\t\t\t\t\t\t\t<div class=\"elementor-divider\">\n\t\t\t<span class=\"elementor-divider-separator\">\n\t\t\t\t\t\t<\/span>\n\t\t<\/div>\n\t\t\t\t\t\t<\/div>\n\t\t\t\t<\/div>\n\t\t<div class=\"elementor-element elementor-element-51235f0 e-con-full e-grid e-con e-child\" data-id=\"51235f0\" data-element_type=\"container\" data-settings=\"{&quot;background_background&quot;:&quot;classic&quot;}\">\n\t\t\t\t<div class=\"elementor-element elementor-element-6e858da elementor-position-left elementor-widget__width-initial elementor-widget-tablet__width-inherit elementor-view-default elementor-mobile-position-top elementor-vertical-align-top elementor-widget elementor-widget-icon-box\" data-id=\"6e858da\" data-element_type=\"widget\" data-widget_type=\"icon-box.default\">\n\t\t\t\t<div class=\"elementor-widget-container\">\n\t\t\t\t\t\t\t<div class=\"elementor-icon-box-wrapper\">\n\n\t\t\t\t\t\t<div class=\"elementor-icon-box-icon\">\n\t\t\t\t<span  class=\"elementor-icon\">\n\t\t\t\t<svg aria-hidden=\"true\" class=\"e-font-icon-svg e-fas-clock\" viewBox=\"0 0 512 512\" xmlns=\"http:\/\/www.w3.org\/2000\/svg\"><path d=\"M256,8C119,8,8,119,8,256S119,504,256,504,504,393,504,256,393,8,256,8Zm92.49,313h0l-20,25a16,16,0,0,1-22.49,2.5h0l-67-49.72a40,40,0,0,1-15-31.23V112a16,16,0,0,1,16-16h32a16,16,0,0,1,16,16V256l58,42.5A16,16,0,0,1,348.49,321Z\"><\/path><\/svg>\t\t\t\t<\/span>\n\t\t\t<\/div>\n\t\t\t\n\t\t\t\t\t\t<div class=\"elementor-icon-box-content\">\n\n\t\t\t\t\t\t\t\t\t<h6 class=\"elementor-icon-box-title\">\n\t\t\t\t\t\t<span  >\n\t\t\t\t\t\t\tDarbo laikas\t\t\t\t\t\t<\/span>\n\t\t\t\t\t<\/h6>\n\t\t\t\t\n\t\t\t\t\t\t\t\t\t<p class=\"elementor-icon-box-description\">\n\t\t\t\t\t\tI-V\n8:00 - 20:00\n\t\t\t\t\t<\/p>\n\t\t\t\t\n\t\t\t<\/div>\n\t\t\t\n\t\t<\/div>\n\t\t\t\t\t\t<\/div>\n\t\t\t\t<\/div>\n\t\t\t\t<div class=\"elementor-element elementor-element-45e1d9d elementor-position-left elementor-widget__width-initial elementor-widget-mobile__width-initial elementor-view-default elementor-mobile-position-top elementor-vertical-align-top elementor-widget elementor-widget-icon-box\" data-id=\"45e1d9d\" data-element_type=\"widget\" data-widget_type=\"icon-box.default\">\n\t\t\t\t<div class=\"elementor-widget-container\">\n\t\t\t\t\t\t\t<div class=\"elementor-icon-box-wrapper\">\n\n\t\t\t\t\t\t<div class=\"elementor-icon-box-icon\">\n\t\t\t\t<span  class=\"elementor-icon\">\n\t\t\t\t<svg aria-hidden=\"true\" class=\"e-font-icon-svg e-fas-map-marker-alt\" viewBox=\"0 0 384 512\" xmlns=\"http:\/\/www.w3.org\/2000\/svg\"><path d=\"M172.268 501.67C26.97 291.031 0 269.413 0 192 0 85.961 85.961 0 192 0s192 85.961 192 192c0 77.413-26.97 99.031-172.268 309.67-9.535 13.774-29.93 13.773-39.464 0zM192 272c44.183 0 80-35.817 80-80s-35.817-80-80-80-80 35.817-80 80 35.817 80 80 80z\"><\/path><\/svg>\t\t\t\t<\/span>\n\t\t\t<\/div>\n\t\t\t\n\t\t\t\t\t\t<div class=\"elementor-icon-box-content\">\n\n\t\t\t\t\t\t\t\t\t<h4 class=\"elementor-icon-box-title\">\n\t\t\t\t\t\t<span  >\n\t\t\t\t\t\t\tAdresas\t\t\t\t\t\t<\/span>\n\t\t\t\t\t<\/h4>\n\t\t\t\t\n\t\t\t\t\t\t\t\t\t<p class=\"elementor-icon-box-description\">\n\t\t\t\t\t\t\u0160vitrigailos g. 7-221, Vilnius<br>2 \u012f\u0117jimas (2 auk\u0161tas)\t\t\t\t\t<\/p>\n\t\t\t\t\n\t\t\t<\/div>\n\t\t\t\n\t\t<\/div>\n\t\t\t\t\t\t<\/div>\n\t\t\t\t<\/div>\n\t\t\t\t<div class=\"elementor-element elementor-element-419106e elementor-position-left elementor-widget__width-initial elementor-widget-mobile__width-initial elementor-view-default elementor-mobile-position-top elementor-vertical-align-top elementor-widget elementor-widget-icon-box\" data-id=\"419106e\" data-element_type=\"widget\" data-widget_type=\"icon-box.default\">\n\t\t\t\t<div class=\"elementor-widget-container\">\n\t\t\t\t\t\t\t<div class=\"elementor-icon-box-wrapper\">\n\n\t\t\t\t\t\t<div class=\"elementor-icon-box-icon\">\n\t\t\t\t<span  class=\"elementor-icon\">\n\t\t\t\t<svg aria-hidden=\"true\" class=\"e-font-icon-svg e-fas-phone-alt\" viewBox=\"0 0 512 512\" xmlns=\"http:\/\/www.w3.org\/2000\/svg\"><path d=\"M497.39 361.8l-112-48a24 24 0 0 0-28 6.9l-49.6 60.6A370.66 370.66 0 0 1 130.6 204.11l60.6-49.6a23.94 23.94 0 0 0 6.9-28l-48-112A24.16 24.16 0 0 0 122.6.61l-104 24A24 24 0 0 0 0 48c0 256.5 207.9 464 464 464a24 24 0 0 0 23.4-18.6l24-104a24.29 24.29 0 0 0-14.01-27.6z\"><\/path><\/svg>\t\t\t\t<\/span>\n\t\t\t<\/div>\n\t\t\t\n\t\t\t\t\t\t<div class=\"elementor-icon-box-content\">\n\n\t\t\t\t\t\t\t\t\t<h4 class=\"elementor-icon-box-title\">\n\t\t\t\t\t\t<span  >\n\t\t\t\t\t\t\tTEL.NR.\t\t\t\t\t\t<\/span>\n\t\t\t\t\t<\/h4>\n\t\t\t\t\n\t\t\t\t\t\t\t\t\t<p class=\"elementor-icon-box-description\">\n\t\t\t\t\t\t+370 60778967\t\t\t\t\t<\/p>\n\t\t\t\t\n\t\t\t<\/div>\n\t\t\t\n\t\t<\/div>\n\t\t\t\t\t\t<\/div>\n\t\t\t\t<\/div>\n\t\t\t\t<\/div>\n\t\t\t\t\t<\/div>\n\t\t\t\t<\/div>\n\t\t<div class=\"elementor-element elementor-element-c37c61c e-grid e-con-boxed e-con e-parent\" data-id=\"c37c61c\" data-element_type=\"container\" data-settings=\"{&quot;background_background&quot;:&quot;classic&quot;}\">\n\t\t\t\t\t<div class=\"e-con-inner\">\n\t\t\t\t<div class=\"elementor-element elementor-element-c428316 elementor-widget elementor-widget-text-editor\" data-id=\"c428316\" data-element_type=\"widget\" data-widget_type=\"text-editor.default\">\n\t\t\t\t<div class=\"elementor-widget-container\">\n\t\t\t\t\t\t\t\t\t<p><strong>* Klinikos ne darbo metu Jums gali pad\u0117ti BUDINTIS ODONTOLOGAS<\/strong><\/p>\t\t\t\t\t\t\t\t<\/div>\n\t\t\t\t<\/div>\n\t\t\t\t<div class=\"elementor-element elementor-element-303fb1e elementor-widget elementor-widget-button\" data-id=\"303fb1e\" data-element_type=\"widget\" data-widget_type=\"button.default\">\n\t\t\t\t<div class=\"elementor-widget-container\">\n\t\t\t\t\t\t\t\t\t<div class=\"elementor-button-wrapper\">\n\t\t\t\t\t<a class=\"elementor-button elementor-button-link elementor-size-sm\" href=\"#\">\n\t\t\t\t\t\t<span class=\"elementor-button-content-wrapper\">\n\t\t\t\t\t\t\t\t\t<span class=\"elementor-button-text\">Daugiau -><\/span>\n\t\t\t\t\t<\/span>\n\t\t\t\t\t<\/a>\n\t\t\t\t<\/div>\n\t\t\t\t\t\t\t\t<\/div>\n\t\t\t\t<\/div>\n\t\t\t\t\t<\/div>\n\t\t\t\t<\/div>\n\t\t\t\t<\/div>\n\t\t","protected":false},"excerpt":{"rendered":"<p>SKUBI ODONTOLOGIN\u0116 PAGALBA Gr\u012f\u017eti Skubi odontologo pagalba \u0161iandien! \u00a0 Skubi odontologin\u0117 pagalba \u2013 tai greita ir profesionali pagalba pacientams, kuriems reikalingas neatid\u0117liotinas dant\u0173, danten\u0173 ar burnos ertm\u0117s sutrikim\u0173 sprendimas. Paslauga teikiama t\u0105 pa\u010di\u0105 dien\u0105, siekiant kuo grei\u010diau pa\u0161alinti skausm\u0105, suma\u017einti diskomfort\u0105 ir i\u0161vengti komplikacij\u0173. Kada reikalinga skubi odontologin\u0117 pagalba? Intensyvus dant\u0173 skausmas, nereaguojantis \u012f vaistus; [&hellip;]<\/p>\n","protected":false},"author":1,"featured_media":0,"parent":0,"menu_order":0,"comment_status":"closed","ping_status":"closed","template":"","meta":{"site-sidebar-layout":"no-sidebar","site-content-layout":"page-builder","ast-site-content-layout":"default","site-content-style":"default","site-sidebar-style":"default","ast-global-header-display":"","ast-banner-title-visibility":"","ast-main-header-display":"","ast-hfb-above-header-display":"","ast-hfb-below-header-display":"","ast-hfb-mobile-header-display":"","site-post-title":"disabled","ast-breadcrumbs-content":"disabled","ast-featured-img":"disabled","footer-sml-layout":"","ast-disable-related-posts":"","theme-transparent-header-meta":"enabled","adv-header-id-meta":"","stick-header-meta":"","header-above-stick-meta":"","header-main-stick-meta":"","header-below-stick-meta":"","astra-migrate-meta-layouts":"default","ast-page-background-enabled":"default","ast-page-background-meta":{"desktop":{"background-color":"var(--ast-global-color-4)","background-image":"","background-repeat":"repeat","background-position":"center center","background-size":"auto","background-attachment":"scroll","background-type":"","background-media":"","overlay-type":"","overlay-color":"","overlay-opacity":"","overlay-gradient":""},"tablet":{"background-color":"","background-image":"","background-repeat":"repeat","background-position":"center center","background-size":"auto","background-attachment":"scroll","background-type":"","background-media":"","overlay-type":"","overlay-color":"","overlay-opacity":"","overlay-gradient":""},"mobile":{"background-color":"","background-image":"","background-repeat":"repeat","background-position":"center center","background-size":"auto","background-attachment":"scroll","background-type":"","background-media":"","overlay-type":"","overlay-color":"","overlay-opacity":"","overlay-gradient":""}},"ast-content-background-meta":{"desktop":{"background-color":"var(--ast-global-color-5)","background-image":"","background-repeat":"repeat","background-position":"center center","background-size":"auto","background-attachment":"scroll","background-type":"","background-media":"","overlay-type":"","overlay-color":"","overlay-opacity":"","overlay-gradient":""},"tablet":{"background-color":"var(--ast-global-color-5)","background-image":"","background-repeat":"repeat","background-position":"center center","background-size":"auto","background-attachment":"scroll","background-type":"","background-media":"","overlay-type":"","overlay-color":"","overlay-opacity":"","overlay-gradient":""},"mobile":{"background-color":"var(--ast-global-color-5)","background-image":"","background-repeat":"repeat","background-position":"center center","background-size":"auto","background-attachment":"scroll","background-type":"","background-media":"","overlay-type":"","overlay-color":"","overlay-opacity":"","overlay-gradient":""}},"footnotes":""},"yoast_head":"<!-- This site is optimized with the Yoast SEO plugin v23.5 - https:\/\/yoast.com\/wordpress\/plugins\/seo\/ -->\n<title>Skubi pagalba - svitrigailosklinika<\/title>\n<meta name=\"robots\" content=\"index, follow, max-snippet:-1, max-image-preview:large, max-video-preview:-1\" \/>\n<link rel=\"canonical\" href=\"https:\/\/svitrigailosklinika.lt\/index.php\/skubi_odontologo_pagalba\/\" \/>\n<meta property=\"og:locale\" content=\"en_US\" \/>\n<meta property=\"og:type\" content=\"article\" \/>\n<meta property=\"og:title\" content=\"Skubi pagalba - svitrigailosklinika\" \/>\n<meta property=\"og:description\" content=\"SKUBI ODONTOLOGIN\u0116 PAGALBA Gr\u012f\u017eti Skubi odontologo pagalba \u0161iandien! \u00a0 Skubi odontologin\u0117 pagalba \u2013 tai greita ir profesionali pagalba pacientams, kuriems reikalingas neatid\u0117liotinas dant\u0173, danten\u0173 ar burnos ertm\u0117s sutrikim\u0173 sprendimas. Paslauga teikiama t\u0105 pa\u010di\u0105 dien\u0105, siekiant kuo grei\u010diau pa\u0161alinti skausm\u0105, suma\u017einti diskomfort\u0105 ir i\u0161vengti komplikacij\u0173. Kada reikalinga skubi odontologin\u0117 pagalba? Intensyvus dant\u0173 skausmas, nereaguojantis \u012f vaistus; [&hellip;]\" \/>\n<meta property=\"og:url\" content=\"https:\/\/svitrigailosklinika.lt\/index.php\/skubi_odontologo_pagalba\/\" \/>\n<meta property=\"og:site_name\" content=\"svitrigailosklinika\" \/>\n<meta property=\"article:publisher\" content=\"https:\/\/www.facebook.com\/svitrigailosklinika\" \/>\n<meta property=\"article:modified_time\" content=\"2024-10-17T09:12:17+00:00\" \/>\n<meta name=\"twitter:card\" content=\"summary_large_image\" \/>\n<meta name=\"twitter:label1\" content=\"Est. reading time\" \/>\n\t<meta name=\"twitter:data1\" content=\"1 minute\" \/>\n<script type=\"application\/ld+json\" class=\"yoast-schema-graph\">{\"@context\":\"https:\/\/schema.org\",\"@graph\":[{\"@type\":\"WebPage\",\"@id\":\"https:\/\/svitrigailosklinika.lt\/index.php\/skubi_odontologo_pagalba\/\",\"url\":\"https:\/\/svitrigailosklinika.lt\/index.php\/skubi_odontologo_pagalba\/\",\"name\":\"Skubi pagalba - svitrigailosklinika\",\"isPartOf\":{\"@id\":\"https:\/\/svitrigailosklinika.lt\/#website\"},\"datePublished\":\"2024-10-16T15:26:48+00:00\",\"dateModified\":\"2024-10-17T09:12:17+00:00\",\"breadcrumb\":{\"@id\":\"https:\/\/svitrigailosklinika.lt\/index.php\/skubi_odontologo_pagalba\/#breadcrumb\"},\"inLanguage\":\"en-US\",\"potentialAction\":[{\"@type\":\"ReadAction\",\"target\":[\"https:\/\/svitrigailosklinika.lt\/index.php\/skubi_odontologo_pagalba\/\"]}]},{\"@type\":\"BreadcrumbList\",\"@id\":\"https:\/\/svitrigailosklinika.lt\/index.php\/skubi_odontologo_pagalba\/#breadcrumb\",\"itemListElement\":[{\"@type\":\"ListItem\",\"position\":1,\"name\":\"Home\",\"item\":\"https:\/\/svitrigailosklinika.lt\/\"},{\"@type\":\"ListItem\",\"position\":2,\"name\":\"Skubi pagalba\"}]},{\"@type\":\"WebSite\",\"@id\":\"https:\/\/svitrigailosklinika.lt\/#website\",\"url\":\"https:\/\/svitrigailosklinika.lt\/\",\"name\":\"svitrigailosklinika\",\"description\":\"Just another WordPress site\",\"publisher\":{\"@id\":\"https:\/\/svitrigailosklinika.lt\/#organization\"},\"potentialAction\":[{\"@type\":\"SearchAction\",\"target\":{\"@type\":\"EntryPoint\",\"urlTemplate\":\"https:\/\/svitrigailosklinika.lt\/?s={search_term_string}\"},\"query-input\":{\"@type\":\"PropertyValueSpecification\",\"valueRequired\":true,\"valueName\":\"search_term_string\"}}],\"inLanguage\":\"en-US\"},{\"@type\":\"Organization\",\"@id\":\"https:\/\/svitrigailosklinika.lt\/#organization\",\"name\":\"svitrigailosklinika\",\"url\":\"https:\/\/svitrigailosklinika.lt\/\",\"logo\":{\"@type\":\"ImageObject\",\"inLanguage\":\"en-US\",\"@id\":\"https:\/\/svitrigailosklinika.lt\/#\/schema\/logo\/image\/\",\"url\":\"https:\/\/svitrigailosklinika.lt\/wp-content\/uploads\/2023\/12\/logo2-baltas-befono.png\",\"contentUrl\":\"https:\/\/svitrigailosklinika.lt\/wp-content\/uploads\/2023\/12\/logo2-baltas-befono.png\",\"width\":1646,\"height\":500,\"caption\":\"svitrigailosklinika\"},\"image\":{\"@id\":\"https:\/\/svitrigailosklinika.lt\/#\/schema\/logo\/image\/\"},\"sameAs\":[\"https:\/\/www.facebook.com\/svitrigailosklinika\"]}]}<\/script>\n<!-- \/ Yoast SEO plugin. -->","yoast_head_json":{"title":"Skubi pagalba - svitrigailosklinika","robots":{"index":"index","follow":"follow","max-snippet":"max-snippet:-1","max-image-preview":"max-image-preview:large","max-video-preview":"max-video-preview:-1"},"canonical":"https:\/\/svitrigailosklinika.lt\/index.php\/skubi_odontologo_pagalba\/","og_locale":"en_US","og_type":"article","og_title":"Skubi pagalba - svitrigailosklinika","og_description":"SKUBI ODONTOLOGIN\u0116 PAGALBA Gr\u012f\u017eti Skubi odontologo pagalba \u0161iandien! \u00a0 Skubi odontologin\u0117 pagalba \u2013 tai greita ir profesionali pagalba pacientams, kuriems reikalingas neatid\u0117liotinas dant\u0173, danten\u0173 ar burnos ertm\u0117s sutrikim\u0173 sprendimas. Paslauga teikiama t\u0105 pa\u010di\u0105 dien\u0105, siekiant kuo grei\u010diau pa\u0161alinti skausm\u0105, suma\u017einti diskomfort\u0105 ir i\u0161vengti komplikacij\u0173. Kada reikalinga skubi odontologin\u0117 pagalba? Intensyvus dant\u0173 skausmas, nereaguojantis \u012f vaistus; [&hellip;]","og_url":"https:\/\/svitrigailosklinika.lt\/index.php\/skubi_odontologo_pagalba\/","og_site_name":"svitrigailosklinika","article_publisher":"https:\/\/www.facebook.com\/svitrigailosklinika","article_modified_time":"2024-10-17T09:12:17+00:00","twitter_card":"summary_large_image","twitter_misc":{"Est. reading time":"1 minute"},"schema":{"@context":"https:\/\/schema.org","@graph":[{"@type":"WebPage","@id":"https:\/\/svitrigailosklinika.lt\/index.php\/skubi_odontologo_pagalba\/","url":"https:\/\/svitrigailosklinika.lt\/index.php\/skubi_odontologo_pagalba\/","name":"Skubi pagalba - svitrigailosklinika","isPartOf":{"@id":"https:\/\/svitrigailosklinika.lt\/#website"},"datePublished":"2024-10-16T15:26:48+00:00","dateModified":"2024-10-17T09:12:17+00:00","breadcrumb":{"@id":"https:\/\/svitrigailosklinika.lt\/index.php\/skubi_odontologo_pagalba\/#breadcrumb"},"inLanguage":"en-US","potentialAction":[{"@type":"ReadAction","target":["https:\/\/svitrigailosklinika.lt\/index.php\/skubi_odontologo_pagalba\/"]}]},{"@type":"BreadcrumbList","@id":"https:\/\/svitrigailosklinika.lt\/index.php\/skubi_odontologo_pagalba\/#breadcrumb","itemListElement":[{"@type":"ListItem","position":1,"name":"Home","item":"https:\/\/svitrigailosklinika.lt\/"},{"@type":"ListItem","position":2,"name":"Skubi pagalba"}]},{"@type":"WebSite","@id":"https:\/\/svitrigailosklinika.lt\/#website","url":"https:\/\/svitrigailosklinika.lt\/","name":"svitrigailosklinika","description":"Just another WordPress site","publisher":{"@id":"https:\/\/svitrigailosklinika.lt\/#organization"},"potentialAction":[{"@type":"SearchAction","target":{"@type":"EntryPoint","urlTemplate":"https:\/\/svitrigailosklinika.lt\/?s={search_term_string}"},"query-input":{"@type":"PropertyValueSpecification","valueRequired":true,"valueName":"search_term_string"}}],"inLanguage":"en-US"},{"@type":"Organization","@id":"https:\/\/svitrigailosklinika.lt\/#organization","name":"svitrigailosklinika","url":"https:\/\/svitrigailosklinika.lt\/","logo":{"@type":"ImageObject","inLanguage":"en-US","@id":"https:\/\/svitrigailosklinika.lt\/#\/schema\/logo\/image\/","url":"https:\/\/svitrigailosklinika.lt\/wp-content\/uploads\/2023\/12\/logo2-baltas-befono.png","contentUrl":"https:\/\/svitrigailosklinika.lt\/wp-content\/uploads\/2023\/12\/logo2-baltas-befono.png","width":1646,"height":500,"caption":"svitrigailosklinika"},"image":{"@id":"https:\/\/svitrigailosklinika.lt\/#\/schema\/logo\/image\/"},"sameAs":["https:\/\/www.facebook.com\/svitrigailosklinika"]}]}},"_links":{"self":[{"href":"https:\/\/svitrigailosklinika.lt\/index.php\/wp-json\/wp\/v2\/pages\/1874"}],"collection":[{"href":"https:\/\/svitrigailosklinika.lt\/index.php\/wp-json\/wp\/v2\/pages"}],"about":[{"href":"https:\/\/svitrigailosklinika.lt\/index.php\/wp-json\/wp\/v2\/types\/page"}],"author":[{"embeddable":true,"href":"https:\/\/svitrigailosklinika.lt\/index.php\/wp-json\/wp\/v2\/users\/1"}],"replies":[{"embeddable":true,"href":"https:\/\/svitrigailosklinika.lt\/index.php\/wp-json\/wp\/v2\/comments?post=1874"}],"version-history":[{"count":17,"href":"https:\/\/svitrigailosklinika.lt\/index.php\/wp-json\/wp\/v2\/pages\/1874\/revisions"}],"predecessor-version":[{"id":1896,"href":"https:\/\/svitrigailosklinika.lt\/index.php\/wp-json\/wp\/v2\/pages\/1874\/revisions\/1896"}],"wp:attachment":[{"href":"https:\/\/svitrigailosklinika.lt\/index.php\/wp-json\/wp\/v2\/media?parent=1874"}],"curies":[{"name":"wp","href":"https:\/\/api.w.org\/{rel}","templated":true}]}}